{"id":1069,"date":"2024-09-16T11:23:49","date_gmt":"2024-09-16T11:23:49","guid":{"rendered":"https:\/\/bursayadem.com\/?page_id=1069"},"modified":"2024-10-10T07:45:17","modified_gmt":"2024-10-10T07:45:17","slug":"murat-ercan-2","status":"publish","type":"page","link":"https:\/\/bursayadem.com\/index.php\/mobile-surum\/murat-ercan-2\/","title":{"rendered":"MEL\u0130S AKALIN"},"content":{"rendered":"\r\n<p class=\"has-text-align-center\"><strong>Psikolog<\/strong><\/p>\r\n\r\n\r\n<center><span id=\"wow-skype-button-10\" class=\"wow-skype-buttons-wrapper wow-skype-buttons-theme-logo wow-skype-buttons-size-30\"> <span class=\"wow-skype-buttons-status-skype\"> <span class=\"wow-skype-buttons-icon\"><\/span>Skype <span class=\"wow-skype-buttons-arrow btn-down\">&#x25be;<\/span> <span class=\"wow-skype-buttons-arrow btn-up arrow-hidden\">&#x25B4;<\/span> <\/span> <span class=\"wow-skype-buttons-container skype-hidden\"> <a href=\"skype:live:.cid.da0c8c342c0c0e42?call\" class=\"wow-skype-buttons-cmd-call\"> ARA (G\u00f6r\u00fcnt\u00fcl\u00fc) <\/a> <\/span> <\/span><\/center>\r\n\r\n\r\n<div class=\"wp-block-image\">\r\n<figure class=\"aligncenter size-large is-resized\"><a href=\"https:\/\/bursayadem.com\/index.php\/mobile-surum\/murat-ercan-2\/c-kisisi-randevu-talebi-olusturma\/\"><img loading=\"lazy\" decoding=\"async\" class=\"wp-image-565\" src=\"http:\/\/bursayadem.com\/wp-content\/uploads\/2024\/09\/YTALEP-1024x247.png\" alt=\"\" width=\"415\" height=\"100\" \/><\/a><\/figure>\r\n<\/div>\r\n\r\n\r\n\r\n<div class=\"wp-block-image\">\r\n<figure class=\"aligncenter size-large is-resized\"><a href=\"https:\/\/bursayadem.com\/index.php\/mobile-surum\/murat-ercan-2\/onam-formu-murat-ercan-2\/\"><img loading=\"lazy\" decoding=\"async\" class=\"wp-image-566\" src=\"http:\/\/bursayadem.com\/wp-content\/uploads\/2020\/06\/ONAM-1024x247.png\" alt=\"\" width=\"415\" height=\"100\" srcset=\"https:\/\/bursayadem.com\/wp-content\/uploads\/2020\/06\/ONAM-1024x247.png 1024w, https:\/\/bursayadem.com\/wp-content\/uploads\/2020\/06\/ONAM-300x72.png 300w, https:\/\/bursayadem.com\/wp-content\/uploads\/2020\/06\/ONAM-768x185.png 768w, https:\/\/bursayadem.com\/wp-content\/uploads\/2020\/06\/ONAM-1200x289.png 1200w, https:\/\/bursayadem.com\/wp-content\/uploads\/2020\/06\/ONAM.png 1208w\" sizes=\"(max-width: 415px) 100vw, 415px\" \/><\/a><\/figure>\r\n<\/div>\r\n\r\n\r\n\r\n<div class=\"wp-block-image\">\r\n<figure class=\"aligncenter size-large is-resized\"><a href=\"https:\/\/bursayadem.com\/index.php\/mobile-surum\/murat-ercan-2\/beck-anksiyete-olcegi\/\"><img loading=\"lazy\" decoding=\"async\" class=\"wp-image-693\" src=\"http:\/\/bursayadem.com\/wp-content\/uploads\/2020\/07\/ANK\u0130S\u0130YATE-2-1024x247.png\" alt=\"\" width=\"415\" height=\"100\" srcset=\"https:\/\/bursayadem.com\/wp-content\/uploads\/2020\/07\/ANK\u0130S\u0130YATE-2-1024x247.png 1024w, https:\/\/bursayadem.com\/wp-content\/uploads\/2020\/07\/ANK\u0130S\u0130YATE-2-300x72.png 300w, https:\/\/bursayadem.com\/wp-content\/uploads\/2020\/07\/ANK\u0130S\u0130YATE-2-768x185.png 768w, https:\/\/bursayadem.com\/wp-content\/uploads\/2020\/07\/ANK\u0130S\u0130YATE-2-1200x289.png 1200w, https:\/\/bursayadem.com\/wp-content\/uploads\/2020\/07\/ANK\u0130S\u0130YATE-2.png 1208w\" sizes=\"(max-width: 415px) 100vw, 415px\" \/><\/a><\/figure>\r\n<\/div>\r\n\r\n\r\n\r\n<div class=\"wp-block-image\">\r\n<figure class=\"aligncenter size-large is-resized\"><a href=\"https:\/\/bursayadem.com\/index.php\/mobile-surum\/murat-ercan-2\/beck-depresyon-olcegi\/\"><img loading=\"lazy\" decoding=\"async\" class=\"wp-image-569\" src=\"http:\/\/bursayadem.com\/wp-content\/uploads\/2020\/06\/DEPRESYON-1024x247.png\" alt=\"\" width=\"415\" height=\"100\" srcset=\"https:\/\/bursayadem.com\/wp-content\/uploads\/2020\/06\/DEPRESYON-1024x247.png 1024w, https:\/\/bursayadem.com\/wp-content\/uploads\/2020\/06\/DEPRESYON-300x72.png 300w, https:\/\/bursayadem.com\/wp-content\/uploads\/2020\/06\/DEPRESYON-768x185.png 768w, https:\/\/bursayadem.com\/wp-content\/uploads\/2020\/06\/DEPRESYON-1200x289.png 1200w, https:\/\/bursayadem.com\/wp-content\/uploads\/2020\/06\/DEPRESYON.png 1208w\" sizes=\"(max-width: 415px) 100vw, 415px\" \/><\/a><\/figure>\r\n<\/div>\r\n\r\n\r\n\r\n\r\n\r\n\r\n\r\n<div class=\"wp-block-image\">\r\n<figure class=\"aligncenter size-large is-resized\"><img loading=\"lazy\" decoding=\"async\" class=\"wp-image-141\" src=\"http:\/\/bursayadem.com\/wp-content\/uploads\/2020\/05\/yildirim-1-1-709x1024.png\" alt=\"\" width=\"58\" height=\"86\" \/><\/figure>\r\n<\/div>\r\n","protected":false},"excerpt":{"rendered":"<p>Psikolog<\/p>\n","protected":false},"author":1,"featured_media":0,"parent":81,"menu_order":2,"comment_status":"closed","ping_status":"closed","template":"","meta":{"footnotes":""},"class_list":["post-1069","page","type-page","status-publish","hentry"],"jetpack_sharing_enabled":true,"_links":{"self":[{"href":"https:\/\/bursayadem.com\/index.php\/wp-json\/wp\/v2\/pages\/1069"}],"collection":[{"href":"https:\/\/bursayadem.com\/index.php\/wp-json\/wp\/v2\/pages"}],"about":[{"href":"https:\/\/bursayadem.com\/index.php\/wp-json\/wp\/v2\/types\/page"}],"author":[{"embeddable":true,"href":"https:\/\/bursayadem.com\/index.php\/wp-json\/wp\/v2\/users\/1"}],"replies":[{"embeddable":true,"href":"https:\/\/bursayadem.com\/index.php\/wp-json\/wp\/v2\/comments?post=1069"}],"version-history":[{"count":8,"href":"https:\/\/bursayadem.com\/index.php\/wp-json\/wp\/v2\/pages\/1069\/revisions"}],"predecessor-version":[{"id":1115,"href":"https:\/\/bursayadem.com\/index.php\/wp-json\/wp\/v2\/pages\/1069\/revisions\/1115"}],"up":[{"embeddable":true,"href":"https:\/\/bursayadem.com\/index.php\/wp-json\/wp\/v2\/pages\/81"}],"wp:attachment":[{"href":"https:\/\/bursayadem.com\/index.php\/wp-json\/wp\/v2\/media?parent=1069"}],"curies":[{"name":"wp","href":"https:\/\/api.w.org\/{rel}","templated":true}]}}