{"id":400,"date":"2020-05-22T14:02:19","date_gmt":"2020-05-22T14:02:19","guid":{"rendered":"http:\/\/bursayadem.com\/?page_id=400"},"modified":"2024-09-11T06:23:05","modified_gmt":"2024-09-11T06:23:05","slug":"bahriye-yilmaz-kasapoglu","status":"publish","type":"page","link":"https:\/\/bursayadem.com\/index.php\/mobile-surum\/bahriye-yilmaz-kasapoglu\/","title":{"rendered":"BAHR\u0130YE YILMAZ KASAPO\u011eLU"},"content":{"rendered":"\r\n<p class=\"has-text-align-center\"><strong>Aile Dan\u0131\u015fman\u0131<\/strong><\/p>\r\n\r\n\r\n\r\n<center><span id=\"wow-skype-button-5\" class=\"wow-skype-buttons-wrapper wow-skype-buttons-theme-logo wow-skype-buttons-size-30\"> <span class=\"wow-skype-buttons-status-skype\"> <span class=\"wow-skype-buttons-icon\"><\/span>Skype <span class=\"wow-skype-buttons-arrow btn-down\">&#x25be;<\/span> <span class=\"wow-skype-buttons-arrow btn-up arrow-hidden\">&#x25B4;<\/span> <\/span> <span class=\"wow-skype-buttons-container skype-hidden\"> <a href=\"skype:live:.cid.536b1e5865460ed2?call\" class=\"wow-skype-buttons-cmd-call\"> ARA (G\u00f6r\u00fcnt\u00fcl\u00fc) <\/a> <\/span> <\/span><\/center>\r\n\r\n\r\n<div class=\"wp-block-image\">\r\n<figure class=\"aligncenter size-large is-resized\"><a href=\"https:\/\/bursayadem.com\/index.php\/mobile-surum\/bahriye-yilmaz-kasapoglu\/f-kisisi-randevu-talebi-olusturma\/\"><img loading=\"lazy\" decoding=\"async\" src=\"http:\/\/bursayadem.com\/wp-content\/uploads\/2024\/09\/YTALEP-1024x247.png\" alt=\"\" class=\"wp-image-565\" width=\"415\" height=\"100\"\/><\/a><\/figure><\/div>\r\n\r\n<div class=\"wp-block-image\">\r\n<figure class=\"aligncenter size-large is-resized\"><a href=\"https:\/\/bursayadem.com\/index.php\/mobile-surum\/bahriye-yilmaz-kasapoglu\/f-kisisi-randevu-talebi-olusturma-2\/\"><img loading=\"lazy\" decoding=\"async\" src=\"http:\/\/bursayadem.com\/wp-content\/uploads\/2023\/02\/afettalep2-1024x247.png\" alt=\"\" class=\"wp-image-900\" width=\"415\" height=\"100\" srcset=\"https:\/\/bursayadem.com\/wp-content\/uploads\/2023\/02\/afettalep2-1024x247.png 1024w, https:\/\/bursayadem.com\/wp-content\/uploads\/2023\/02\/afettalep2-300x72.png 300w, https:\/\/bursayadem.com\/wp-content\/uploads\/2023\/02\/afettalep2-768x185.png 768w, https:\/\/bursayadem.com\/wp-content\/uploads\/2023\/02\/afettalep2-1200x289.png 1200w, https:\/\/bursayadem.com\/wp-content\/uploads\/2023\/02\/afettalep2.png 1208w\" sizes=\"(max-width: 415px) 100vw, 415px\" \/><\/a><\/figure><\/div>\r\n\r\n<div class=\"wp-block-image\">\r\n<figure class=\"aligncenter size-large is-resized\"><a href=\"http:\/\/bursayadem.com\/index.php\/mobile-surum\/bahriye-yilmaz-kasapoglu\/onam-formu-bahriye-yilmaz-kasapoglu\/\"><img loading=\"lazy\" decoding=\"async\" src=\"http:\/\/bursayadem.com\/wp-content\/uploads\/2020\/06\/ONAM-1024x247.png\" alt=\"\" class=\"wp-image-566\" width=\"415\" height=\"100\" srcset=\"https:\/\/bursayadem.com\/wp-content\/uploads\/2020\/06\/ONAM-1024x247.png 1024w, https:\/\/bursayadem.com\/wp-content\/uploads\/2020\/06\/ONAM-300x72.png 300w, https:\/\/bursayadem.com\/wp-content\/uploads\/2020\/06\/ONAM-768x185.png 768w, https:\/\/bursayadem.com\/wp-content\/uploads\/2020\/06\/ONAM-1200x289.png 1200w, https:\/\/bursayadem.com\/wp-content\/uploads\/2020\/06\/ONAM.png 1208w\" sizes=\"(max-width: 415px) 100vw, 415px\" \/><\/a><\/figure><\/div>\r\n\r\n<div class=\"wp-block-image\">\r\n<figure class=\"aligncenter size-large is-resized\"><a href=\"http:\/\/bursayadem.com\/index.php\/mobile-surum\/bahriye-yilmaz-kasapoglu\/beck-anksiyete-olcegi\/\"><img loading=\"lazy\" decoding=\"async\" src=\"http:\/\/bursayadem.com\/wp-content\/uploads\/2020\/07\/ANK\u0130S\u0130YATE-2-1024x247.png\" alt=\"\" class=\"wp-image-693\" width=\"415\" height=\"100\" srcset=\"https:\/\/bursayadem.com\/wp-content\/uploads\/2020\/07\/ANK\u0130S\u0130YATE-2-1024x247.png 1024w, https:\/\/bursayadem.com\/wp-content\/uploads\/2020\/07\/ANK\u0130S\u0130YATE-2-300x72.png 300w, https:\/\/bursayadem.com\/wp-content\/uploads\/2020\/07\/ANK\u0130S\u0130YATE-2-768x185.png 768w, https:\/\/bursayadem.com\/wp-content\/uploads\/2020\/07\/ANK\u0130S\u0130YATE-2-1200x289.png 1200w, https:\/\/bursayadem.com\/wp-content\/uploads\/2020\/07\/ANK\u0130S\u0130YATE-2.png 1208w\" sizes=\"(max-width: 415px) 100vw, 415px\" \/><\/a><\/figure><\/div>\r\n\r\n<div class=\"wp-block-image\">\r\n<figure class=\"aligncenter size-large is-resized\"><a href=\"http:\/\/bursayadem.com\/index.php\/mobile-surum\/bahriye-yilmaz-kasapoglu\/beck-depresyon-olcegi\/\"><img loading=\"lazy\" decoding=\"async\" src=\"http:\/\/bursayadem.com\/wp-content\/uploads\/2020\/06\/DEPRESYON-1024x247.png\" alt=\"\" class=\"wp-image-569\" width=\"415\" height=\"100\" srcset=\"https:\/\/bursayadem.com\/wp-content\/uploads\/2020\/06\/DEPRESYON-1024x247.png 1024w, https:\/\/bursayadem.com\/wp-content\/uploads\/2020\/06\/DEPRESYON-300x72.png 300w, https:\/\/bursayadem.com\/wp-content\/uploads\/2020\/06\/DEPRESYON-768x185.png 768w, https:\/\/bursayadem.com\/wp-content\/uploads\/2020\/06\/DEPRESYON-1200x289.png 1200w, https:\/\/bursayadem.com\/wp-content\/uploads\/2020\/06\/DEPRESYON.png 1208w\" sizes=\"(max-width: 415px) 100vw, 415px\" \/><\/a><\/figure><\/div>\r\n\r\n<div class=\"wp-block-image\">\r\n<figure class=\"aligncenter size-large is-resized\"><img loading=\"lazy\" decoding=\"async\" src=\"http:\/\/bursayadem.com\/wp-content\/uploads\/2020\/05\/yildirim-1-1-709x1024.png\" alt=\"\" class=\"wp-image-141\" width=\"58\" height=\"86\"\/><\/figure><\/div>","protected":false},"excerpt":{"rendered":"<p>Aile Dan\u0131\u015fman\u0131<\/p>\n","protected":false},"author":1,"featured_media":0,"parent":81,"menu_order":5,"comment_status":"closed","ping_status":"closed","template":"","meta":{"footnotes":""},"class_list":["post-400","page","type-page","status-publish","hentry"],"jetpack_sharing_enabled":true,"_links":{"self":[{"href":"https:\/\/bursayadem.com\/index.php\/wp-json\/wp\/v2\/pages\/400"}],"collection":[{"href":"https:\/\/bursayadem.com\/index.php\/wp-json\/wp\/v2\/pages"}],"about":[{"href":"https:\/\/bursayadem.com\/index.php\/wp-json\/wp\/v2\/types\/page"}],"author":[{"embeddable":true,"href":"https:\/\/bursayadem.com\/index.php\/wp-json\/wp\/v2\/users\/1"}],"replies":[{"embeddable":true,"href":"https:\/\/bursayadem.com\/index.php\/wp-json\/wp\/v2\/comments?post=400"}],"version-history":[{"count":25,"href":"https:\/\/bursayadem.com\/index.php\/wp-json\/wp\/v2\/pages\/400\/revisions"}],"predecessor-version":[{"id":1038,"href":"https:\/\/bursayadem.com\/index.php\/wp-json\/wp\/v2\/pages\/400\/revisions\/1038"}],"up":[{"embeddable":true,"href":"https:\/\/bursayadem.com\/index.php\/wp-json\/wp\/v2\/pages\/81"}],"wp:attachment":[{"href":"https:\/\/bursayadem.com\/index.php\/wp-json\/wp\/v2\/media?parent=400"}],"curies":[{"name":"wp","href":"https:\/\/api.w.org\/{rel}","templated":true}]}}