{"id":536,"date":"2020-05-25T09:40:12","date_gmt":"2020-05-25T09:40:12","guid":{"rendered":"http:\/\/bursayadem.com\/?page_id=536"},"modified":"2025-08-31T16:33:54","modified_gmt":"2025-08-31T16:33:54","slug":"onam-formu-tulay-kasimoglu","status":"publish","type":"page","link":"https:\/\/bursayadem.com\/index.php\/mobile-surum\/tulay-kasimoglu\/onam-formu-tulay-kasimoglu\/","title":{"rendered":"Onam Formu T\u00fclay KOCABACAK"},"content":{"rendered":"\r\n<p><strong>YILDIRIM BELED\u0130YES\u0130 SA\u011eLIK \u0130\u015eLER\u0130 M\u00dcD\u00dcRL\u00dc\u011e\u00dc YILDIRIM A\u0130LE DANI\u015eMANLIK VE E\u011e\u0130T\u0130M MERKEZ\u0130 (YADEM) DANI\u015eAN B\u0130LG\u0130LEND\u0130RME VE ONAM FORMU<\/strong><\/p>\r\n\r\n\r\n\r\n<p>A\u00e7\u0131klama: Bu form psikolojik dan\u0131\u015fma s\u00fcreci ile ilgili bilgi edinmeniz amac\u0131 ile haz\u0131rlanm\u0131\u015ft\u0131r. Psikolojik Dan\u0131\u015fman\u0131n Amac\u0131: Sorunlar\u0131n\u0131z\u0131n \u00e7\u00f6z\u00fcm\u00fcne yard\u0131mc\u0131 olmakt\u0131r. Psikolojik Dan\u0131\u015fmanl\u0131k, dan\u0131\u015fan i\u00e7in; anlatma, bilgilendirme, kavrama, i\u00e7g\u00f6r\u00fc, hayata ge\u00e7irme, travmaya dayan\u0131kl\u0131 hale gelme duraklar\u0131n\u0131 i\u00e7eren bir yol haritas\u0131n\u0131 takip eder. Psikolojik Dan\u0131\u015fman\u0131n S\u00fcresi: Haftada 1 kez olup, yakla\u015f\u0131k 45 dakika &#8211; 1 saat aras\u0131nda s\u00fcrecektir. Oturum Say\u0131s\u0131: Oturum say\u0131lar\u0131 ihtiyac\u0131n\u0131za g\u00f6re artt\u0131r\u0131l\u0131p azalt\u0131labilir. \u0130lk g\u00f6r\u00fc\u015fme sonras\u0131nda dan\u0131\u015fana bir dosya a\u00e7\u0131l\u0131r. Kendisi, dan\u0131\u015fmanl\u0131k ve kat\u0131l\u0131m plan\u0131 hakk\u0131nda bilgilendirilir. Dan\u0131\u015fan ile yap\u0131lan t\u00fcm seanslar\u0131n \u00f6nemli par\u00e7a ve anekdotlar\u0131 yaz\u0131l\u0131 olarak not edilebilir. Kay\u0131tlar, dan\u0131\u015fmanl\u0131k s\u0131ras\u0131nda terapist\/psikolog\/dan\u0131\u015fman taraf\u0131ndan uygun g\u00f6r\u00fcld\u00fc\u011f\u00fc zaman ve nedenlerle dan\u0131\u015fan ile e\u011fitim ama\u00e7l\u0131 payla\u015f\u0131l\u0131r. Seans kay\u0131tlar\u0131 dan\u0131\u015fan\u0131n dosyas\u0131nda ar\u015fivlenir. Ne orjinali ne kopyas\u0131 dan\u0131\u015fana verilmez. G\u00fcnl\u00fck seanslar s\u0131ras\u0131nda terap\u00f6tik g\u00f6rsel ve yaz\u0131l\u0131 e\u011fitim materyalleri dan\u0131\u015fana verilir ve izlemesi\/okumas\u0131 sa\u011flan\u0131r. Gizlilik Vard\u0131r: Dan\u0131\u015fma s\u00fcreci i\u00e7inde konu\u015fulanlar kesinlikle gizli kalacakt\u0131r. Ancak; kendinize ya da kar\u015f\u0131n\u0131zdaki ki\u015fiye zarar verme durumu olursa size ili\u015fkin bilgileri a\u00e7\u0131klanmas\u0131 gerekir. Mahkeme taraf\u0131ndan istenilen bilgiler oldu\u011fu takdirde bu bilgilerin payla\u015f\u0131lmas\u0131 gerekir. G\u00f6r\u00fc\u015fme esnas\u0131nda al\u0131nan bilgi ve veriler e\u011fitim\/geli\u015ftirme kapsam\u0131nda destek al\u0131nan profesyonellerin haricinde kesinlikle \u00fc\u00e7\u00fcnc\u00fc \u015fah\u0131slar\u0131n bilgisine sunulamaz. Bunun d\u0131\u015f\u0131nda anlatt\u0131\u011f\u0131n\u0131z b\u00fct\u00fcn bilgiler gizli kalacakt\u0131r. Refere Etme: Size benim de\u011fil de, Psikiyatristin yard\u0131mc\u0131 olmas\u0131 gerekti\u011fini d\u00fc\u015f\u00fcn\u00fcrsem, ila\u00e7 ve psikoterapi yard\u0131m\u0131n\u0131 birlikte kullanman\u0131z gerekti\u011fini d\u00fc\u015f\u00fcn\u00fcrsem, etik kurallara uygun olarak sizi psikiyatriste y\u00f6nlendirmem ve dan\u0131\u015fmalara son vermem gerekir. Bu durumda, size yard\u0131mc\u0131 olabilecek psikiyatrist ve hastane konular\u0131nda sizi bilgilendirece\u011fim. Kurallar: G\u00f6n\u00fcll\u00fcl\u00fck Esast\u0131r: Dan\u0131\u015fmaya kendi iste\u011finizle gelmeniz verim sa\u011flamak a\u00e7\u0131s\u0131ndan \u00e7ok \u00f6nemlidir Devaml\u0131l\u0131k Esast\u0131r: Oturumlar birbirleriyle ba\u011flant\u0131l\u0131 oldu\u011fu i\u00e7in kesintisiz olarak devam etmek \u00e7ok \u00f6nemlidir. \u00c7ok zorunlu durumlar d\u0131\u015f\u0131nda (hastal\u0131k, acil bir durum vb) her oturuma kat\u0131lman\u0131z beklenmektedir. Oturuma gelemeyece\u011finiz zaman (24 saat \u00f6ncesinde) psikolojik dan\u0131\u015fmana haber vermeniz gerekmektedir. Oturuma bir defa mazeretsiz olarak gelmeyen dan\u0131\u015fan\u0131n psikolojik dan\u0131\u015fmanl\u0131k i\u00e7in yapt\u0131\u011f\u0131 yeni m\u00fcracaat\u0131 kabul edilmez. Dakik Olmak Gerekir: Oturumlara zaman\u0131nda gelmeniz beklenmektedir. Psikolojik Dan\u0131\u015fmay\u0131 B\u0131rakma: Psikolojik dan\u0131\u015fmay\u0131 b\u0131rakmak istedi\u011finiz takdirde yard\u0131m almay\u0131 b\u0131rakabilirsiniz. Bu durumu terapiste\/psikolo\u011fa\/dan\u0131\u015fmana haber vermeniz gerekir. Hizmetimiz \u00fccretsizdir.<\/p>\r\n\r\n\r\n\r\n<div role=\"form\" class=\"wpcf7\" id=\"wpcf7-f372-o1\" lang=\"tr-TR\" dir=\"ltr\">\n<div class=\"screen-reader-response\"><p role=\"status\" aria-live=\"polite\" aria-atomic=\"true\"><\/p> <ul><\/ul><\/div>\n<form action=\"\/index.php\/wp-json\/wp\/v2\/pages\/536#wpcf7-f372-o1\" method=\"post\" class=\"wpcf7-form init\" novalidate=\"novalidate\" data-status=\"init\">\n<div style=\"display: none;\">\n<input type=\"hidden\" name=\"_wpcf7\" value=\"372\" \/>\n<input type=\"hidden\" name=\"_wpcf7_version\" value=\"5.6.4\" \/>\n<input type=\"hidden\" name=\"_wpcf7_locale\" value=\"tr_TR\" \/>\n<input type=\"hidden\" name=\"_wpcf7_unit_tag\" value=\"wpcf7-f372-o1\" \/>\n<input type=\"hidden\" name=\"_wpcf7_container_post\" value=\"0\" \/>\n<input type=\"hidden\" name=\"_wpcf7_posted_data_hash\" value=\"\" \/>\n<\/div>\n<p><label> Ad\u0131n\u0131z Soyad\u0131n\u0131z(gerekli)<br \/>\n    <span class=\"wpcf7-form-control-wrap\" data-name=\"your-name\"><input type=\"text\" name=\"your-name\" value=\"\" size=\"40\" class=\"wpcf7-form-control wpcf7-text wpcf7-validates-as-required\" aria-required=\"true\" aria-invalid=\"false\" \/><\/span> <\/label><\/p>\n<p><label> E-posta adresiniz (gerekli)<br \/>\n    <span class=\"wpcf7-form-control-wrap\" data-name=\"your-email\"><input type=\"email\" name=\"your-email\" value=\"\" size=\"40\" class=\"wpcf7-form-control wpcf7-text wpcf7-email wpcf7-validates-as-required wpcf7-validates-as-email\" aria-required=\"true\" aria-invalid=\"false\" \/><\/span> <\/label><\/p>\n<p><input type=\"submit\" value=\"YUKARIDAK\u0130 B\u0130LG\u0130LER\u0130 OKUDUM, ANLADIM, \u015eARTLARI KABUL ED\u0130YOR VE ONAYLIYORUM.\" class=\"wpcf7-form-control has-spinner wpcf7-submit\" \/><\/p>\n<div class=\"wpcf7-response-output\" aria-hidden=\"true\"><\/div><\/form><\/div>\r\n","protected":false},"excerpt":{"rendered":"<p>YILDIRIM BELED\u0130YES\u0130 SA\u011eLIK \u0130\u015eLER\u0130 M\u00dcD\u00dcRL\u00dc\u011e\u00dc YILDIRIM A\u0130LE DANI\u015eMANLIK VE E\u011e\u0130T\u0130M MERKEZ\u0130 (YADEM) DANI\u015eAN B\u0130LG\u0130LEND\u0130RME VE ONAM FORMU A\u00e7\u0131klama: Bu form psikolojik dan\u0131\u015fma s\u00fcreci ile ilgili bilgi edinmeniz amac\u0131 ile haz\u0131rlanm\u0131\u015ft\u0131r. Psikolojik Dan\u0131\u015fman\u0131n Amac\u0131: Sorunlar\u0131n\u0131z\u0131n \u00e7\u00f6z\u00fcm\u00fcne yard\u0131mc\u0131 olmakt\u0131r. Psikolojik Dan\u0131\u015fmanl\u0131k, dan\u0131\u015fan i\u00e7in; anlatma, bilgilendirme, kavrama, i\u00e7g\u00f6r\u00fc, hayata ge\u00e7irme, travmaya dayan\u0131kl\u0131 hale gelme duraklar\u0131n\u0131 i\u00e7eren bir yol [&hellip;]<\/p>\n","protected":false},"author":1,"featured_media":0,"parent":398,"menu_order":3,"comment_status":"closed","ping_status":"closed","template":"","meta":{"footnotes":""},"class_list":["post-536","page","type-page","status-publish","hentry"],"jetpack_sharing_enabled":true,"_links":{"self":[{"href":"https:\/\/bursayadem.com\/index.php\/wp-json\/wp\/v2\/pages\/536"}],"collection":[{"href":"https:\/\/bursayadem.com\/index.php\/wp-json\/wp\/v2\/pages"}],"about":[{"href":"https:\/\/bursayadem.com\/index.php\/wp-json\/wp\/v2\/types\/page"}],"author":[{"embeddable":true,"href":"https:\/\/bursayadem.com\/index.php\/wp-json\/wp\/v2\/users\/1"}],"replies":[{"embeddable":true,"href":"https:\/\/bursayadem.com\/index.php\/wp-json\/wp\/v2\/comments?post=536"}],"version-history":[{"count":3,"href":"https:\/\/bursayadem.com\/index.php\/wp-json\/wp\/v2\/pages\/536\/revisions"}],"predecessor-version":[{"id":1135,"href":"https:\/\/bursayadem.com\/index.php\/wp-json\/wp\/v2\/pages\/536\/revisions\/1135"}],"up":[{"embeddable":true,"href":"https:\/\/bursayadem.com\/index.php\/wp-json\/wp\/v2\/pages\/398"}],"wp:attachment":[{"href":"https:\/\/bursayadem.com\/index.php\/wp-json\/wp\/v2\/media?parent=536"}],"curies":[{"name":"wp","href":"https:\/\/api.w.org\/{rel}","templated":true}]}}