{"id":81,"date":"2020-04-30T12:38:48","date_gmt":"2020-04-30T09:38:48","guid":{"rendered":"http:\/\/hogaholistik.com\/guven\/?page_id=81"},"modified":"2025-08-31T16:29:50","modified_gmt":"2025-08-31T16:29:50","slug":"mobile-surum","status":"publish","type":"page","link":"https:\/\/bursayadem.com\/","title":{"rendered":"YADEM"},"content":{"rendered":"\r\n\r\n\r\n<p>&nbsp;<\/p>\r\n<p>&nbsp;<\/p>\r\n\r\n<h4 style=\"text-align: center;\"><strong>YILDIRIM A\u0130LE DANI\u015eMANLIK VE E\u011e\u0130T\u0130M MERKEZ\u0130<\/strong><\/h4>\r\n<figure class=\"wp-block-image aligncenter size-large\"><a href=\"https:\/\/bursayadem.com\/index.php\/mobile-surum\/murat-ercan-2\/\"><img decoding=\"async\" class=\"wp-image-618\" src=\"http:\/\/bursayadem.com\/wp-content\/uploads\/2024\/09\/MelisDD-1024x247.png\" alt=\"\" \/><\/a><\/figure>\r\n<!-- \/wp:image -->\r\n\r\n<!-- wp:image {\"align\":\"center\",\"id\":618,\"sizeSlug\":\"large\"} -->\r\n<figure class=\"wp-block-image aligncenter size-large\"><a href=\"http:\/\/bursayadem.com\/index.php\/mobile-surum\/tulay-kasimoglu\/\"><img decoding=\"async\" class=\"wp-image-618\" src=\"http:\/\/bursayadem.com\/wp-content\/uploads\/2025\/08\/TULAYDD2-1024x247.png\" alt=\"\" \/><\/a><\/figure>\r\n<!-- \/wp:image -->\r\n\r\n<!-- wp:image {\"align\":\"center\",\"id\":615,\"sizeSlug\":\"large\"} -->\r\n<figure class=\"wp-block-image aligncenter size-large\"><a href=\"http:\/\/bursayadem.com\/index.php\/mobile-surum\/bahriye-yilmaz-kasapoglu\/\"><img decoding=\"async\" class=\"wp-image-615\" src=\"http:\/\/bursayadem.com\/wp-content\/uploads\/2024\/09\/BahriyeDD2-1024x247.png\" alt=\"\" \/><\/a><\/figure>\r\n<!-- \/wp:image -->\r\n\r\n<!-- wp:image {\"align\":\"center\",\"id\":804,\"sizeSlug\":\"large\",\"linkDestination\":\"custom\"} -->\r\n<figure class=\"wp-block-image aligncenter size-large\"><a href=\"https:\/\/bursayadem.com\/\"><img decoding=\"async\" class=\"wp-image-804\" src=\"http:\/\/bursayadem.com\/wp-content\/uploads\/2024\/09\/SEDADD2-1024x247.png\" alt=\"\" \/><\/a><\/figure>\r\n<!-- \/wp:image -->\r\n<p><strong>\u0130LET\u0130\u015e\u0130M<\/strong><\/p>\r\n<p><strong>Adres: De\u011firmenlik\u0131z\u0131k mh. Huzurevi cd. 1. Sa\u011fl\u0131k sk. No:1\u00a0 \u00a0 \u00a0 \u00a0 \u00a0 \u00a0 \u00a0 \u00a0 \u00a0 \u00a0 \u00a0 Y\u0131ld\u0131r\u0131m\/BURSA<\/strong><\/p>\r\n<p><strong>Telefon: (0224) 369 3386<\/strong><\/p>\r\n<p><iframe loading=\"lazy\" style=\"border: 0;\" src=\"https:\/\/www.google.com\/maps\/embed?pb=!1m18!1m12!1m3!1d2409.3110533618724!2d29.107155474893318!3d40.17893427007986!2m3!1f0!2f0!3f0!3m2!1i1024!2i768!4f13.1!3m3!1m2!1s0x14ca3e9c0018d0e9%3A0x599dbe2f9f3ca5a5!2zWcSxbGTEsXLEsW0gQmVsZWRpeWVzaSBTYcSfbMSxayDEsMWfbGVyaSBNw7xkw7xybMO8xJ_DvCBEZWZpbiBIaXptZXRsZXJpIEJpcmltaQ!5e1!3m2!1str!2str!4v1730958096169!5m2!1str!2str\" width=\"600\" height=\"450\" allowfullscreen=\"allowfullscreen\"><\/iframe><\/p>\r\n<p><a href=\"https:\/\/maps.app.goo.gl\/S2CTJ8FqQKxKd7EHA\" target=\"_blank\" rel=\"noopener\">GOOGLE HAR\u0130TALARDA KONUMU A\u00c7MAK \u0130\u00c7\u0130N BU YAZIYA BAS<\/a><\/p>","protected":false},"excerpt":{"rendered":"<p>&nbsp; &nbsp; YILDIRIM A\u0130LE DANI\u015eMANLIK VE E\u011e\u0130T\u0130M MERKEZ\u0130 \u0130LET\u0130\u015e\u0130M Adres: De\u011firmenlik\u0131z\u0131k mh. Huzurevi cd. 1. Sa\u011fl\u0131k sk. No:1\u00a0 \u00a0 \u00a0 \u00a0 \u00a0 \u00a0 \u00a0 \u00a0 \u00a0 \u00a0 \u00a0 Y\u0131ld\u0131r\u0131m\/BURSA Telefon: (0224) 369 3386 GOOGLE HAR\u0130TALARDA KONUMU A\u00c7MAK \u0130\u00c7\u0130N BU YAZIYA BAS<\/p>\n","protected":false},"author":1,"featured_media":0,"parent":0,"menu_order":0,"comment_status":"closed","ping_status":"closed","template":"","meta":{"footnotes":""},"class_list":["post-81","page","type-page","status-publish","hentry"],"jetpack_sharing_enabled":true,"_links":{"self":[{"href":"https:\/\/bursayadem.com\/index.php\/wp-json\/wp\/v2\/pages\/81"}],"collection":[{"href":"https:\/\/bursayadem.com\/index.php\/wp-json\/wp\/v2\/pages"}],"about":[{"href":"https:\/\/bursayadem.com\/index.php\/wp-json\/wp\/v2\/types\/page"}],"author":[{"embeddable":true,"href":"https:\/\/bursayadem.com\/index.php\/wp-json\/wp\/v2\/users\/1"}],"replies":[{"embeddable":true,"href":"https:\/\/bursayadem.com\/index.php\/wp-json\/wp\/v2\/comments?post=81"}],"version-history":[{"count":132,"href":"https:\/\/bursayadem.com\/index.php\/wp-json\/wp\/v2\/pages\/81\/revisions"}],"predecessor-version":[{"id":1130,"href":"https:\/\/bursayadem.com\/index.php\/wp-json\/wp\/v2\/pages\/81\/revisions\/1130"}],"wp:attachment":[{"href":"https:\/\/bursayadem.com\/index.php\/wp-json\/wp\/v2\/media?parent=81"}],"curies":[{"name":"wp","href":"https:\/\/api.w.org\/{rel}","templated":true}]}}